{"id":5269,"date":"2023-10-28T18:16:12","date_gmt":"2023-10-28T18:16:12","guid":{"rendered":"https:\/\/boodgrand.com\/contact\/"},"modified":"2025-07-25T13:30:16","modified_gmt":"2025-07-25T13:30:16","slug":"contact","status":"publish","type":"page","link":"https:\/\/boodgrand.com\/et\/contact\/","title":{"rendered":"Kontakt"},"content":{"rendered":"\n<div class=\"wp-block-group alignfull is-vertical is-content-justification-stretch is-nowrap is-layout-flex wp-container-core-group-is-layout-63819fa6 wp-block-group-is-layout-flex\" style=\"min-height:100vh;padding-top:var(--wp--preset--spacing--top);padding-right:var(--wp--preset--spacing--medium);padding-bottom:var(--wp--preset--spacing--top);padding-left:var(--wp--preset--spacing--medium)\">\n<div class=\"wp-block-group has-global-padding is-content-justification-center is-layout-constrained wp-container-core-group-is-layout-593b8df4 wp-block-group-is-layout-constrained\">\n<h1 class=\"wp-block-heading\">r\u00e4\u00e4gime!<\/h1>\n\n\n\n<div class=\"wp-block-group is-content-justification-space-between is-layout-flex wp-container-core-group-is-layout-ce7c0ef6 wp-block-group-is-layout-flex\">\n<div class=\"wp-block-group has-global-padding is-layout-constrained wp-container-core-group-is-layout-92ef7b19 wp-block-group-is-layout-constrained\">\n<p class=\"has-gray-600-color has-text-color has-link-color has-label-xl-font-size wp-elements-87cb7cf76c057e4e9fc55c81f98b17d7\" style=\"font-style:normal;font-weight:500\">\u00dchendu Boodgrandiga &#8211; Kus loovus kohtub innovatsiooniga. Meie meeskond \u00f5itseb uudishimu ja ambitsiooniga, luues unikaalseid digitaalseid kogemusi, mis k\u00f5netavad publikut. Kas otsid koost\u00f6\u00f6d projektis, vajad ekspertn\u00f5u v\u00f5i soovid lihtsalt m\u00f5tteid jagada? Oleme siin, et kuulata ja suhelda.<\/p>\n<\/div>\n\n\n\n<div class=\"wp-block-group has-global-padding is-layout-constrained wp-block-group-is-layout-constrained\">\n<ul class=\"wp-block-social-links has-large-icon-size has-icon-color is-style-logos-only is-content-justification-right is-layout-flex wp-container-core-social-links-is-layout-aefd8c6c wp-block-social-links-is-layout-flex\"><li style=\"color:#999A9F;\" class=\"wp-social-link wp-social-link-linkedin has-gray-400-color round wp-block-social-link\"><a href=\"https:\/\/www.linkedin.com\/company\/boodgrand\" class=\"wp-block-social-link-anchor\" target=\"_blank\" rel=\"noopener\"><svg width=\"24\" height=\"24\" viewBox=\"0 0 24 24\" version=\"1.1\" xmlns=\"http:\/\/www.w3.org\/2000\/svg\" aria-hidden=\"true\" focusable=\"false\"><path d=\"M19.7,3H4.3C3.582,3,3,3.582,3,4.3v15.4C3,20.418,3.582,21,4.3,21h15.4c0.718,0,1.3-0.582,1.3-1.3V4.3 C21,3.582,20.418,3,19.7,3z M8.339,18.338H5.667v-8.59h2.672V18.338z M7.004,8.574c-0.857,0-1.549-0.694-1.549-1.548 c0-0.855,0.691-1.548,1.549-1.548c0.854,0,1.547,0.694,1.547,1.548C8.551,7.881,7.858,8.574,7.004,8.574z M18.339,18.338h-2.669 v-4.177c0-0.996-0.017-2.278-1.387-2.278c-1.389,0-1.601,1.086-1.601,2.206v4.249h-2.667v-8.59h2.559v1.174h0.037 c0.356-0.675,1.227-1.387,2.526-1.387c2.703,0,3.203,1.779,3.203,4.092V18.338z\"><\/path><\/svg><span class=\"wp-block-social-link-label screen-reader-text\">LinkedIn<\/span><\/a><\/li><\/ul>\n<\/div>\n<\/div>\n<\/div>\n\n\n\n<div class=\"wp-block-group has-global-padding is-layout-constrained wp-block-group-is-layout-constrained\">\n<hr class=\"wp-block-separator has-text-color has-gray-200-color has-alpha-channel-opacity has-gray-200-background-color has-background\"\/>\n<\/div>\n\n\n\n<div class=\"wp-block-group has-global-padding is-layout-constrained wp-container-core-group-is-layout-f5f3bcb8 wp-block-group-is-layout-constrained\">\n<h2 class=\"wp-block-heading has-gray-400-color has-text-color has-link-color has-label-l-font-size wp-elements-b14d1e26b697cd583d0e0d627ea169ae\" style=\"font-style:normal;font-weight:600;letter-spacing:0px;line-height:1\"><strong>Valmis uuendusi tegema? Alustagem vestlust<\/strong><\/h2>\n\n\n\n<div class=\"wp-block-group has-global-padding is-layout-constrained wp-block-group-is-layout-constrained\">\n<p class=\"has-red-500-color has-text-color has-link-color has-h-three-font-size wp-elements-feb5f5b2cf78aa6bb3bf9af7e1d09072\" style=\"font-style:normal;font-weight:700;letter-spacing:-0.038em;line-height:1.4\"><a href=\"mailto:general@boodgrand.com\">general@boodgrand.com<\/a><\/p>\n<\/div>\n<\/div>\n<\/div>\n","protected":false},"excerpt":{"rendered":"<p>r\u00e4\u00e4gime! \u00dchendu Boodgrandiga &#8211; Kus loovus kohtub innovatsiooniga. Meie meeskond \u00f5itseb uudishimu ja ambitsiooniga, luues unikaalseid digitaalseid kogemusi, mis k\u00f5netavad publikut. Kas otsid koost\u00f6\u00f6d projektis, vajad ekspertn\u00f5u v\u00f5i soovid lihtsalt m\u00f5tteid jagada? Oleme siin, et kuulata ja suhelda. Valmis uuendusi tegema? Alustagem vestlust general@boodgrand.com<\/p>\n","protected":false},"author":1,"featured_media":4918,"parent":0,"menu_order":16,"comment_status":"closed","ping_status":"closed","template":"","meta":{"_acf_changed":false,"footnotes":""},"class_list":["post-5269","page","type-page","status-publish","has-post-thumbnail","hentry"],"acf":[],"_links":{"self":[{"href":"https:\/\/boodgrand.com\/et\/wp-json\/wp\/v2\/pages\/5269","targetHints":{"allow":["GET"]}}],"collection":[{"href":"https:\/\/boodgrand.com\/et\/wp-json\/wp\/v2\/pages"}],"about":[{"href":"https:\/\/boodgrand.com\/et\/wp-json\/wp\/v2\/types\/page"}],"author":[{"embeddable":true,"href":"https:\/\/boodgrand.com\/et\/wp-json\/wp\/v2\/users\/1"}],"replies":[{"embeddable":true,"href":"https:\/\/boodgrand.com\/et\/wp-json\/wp\/v2\/comments?post=5269"}],"version-history":[{"count":5,"href":"https:\/\/boodgrand.com\/et\/wp-json\/wp\/v2\/pages\/5269\/revisions"}],"predecessor-version":[{"id":6942,"href":"https:\/\/boodgrand.com\/et\/wp-json\/wp\/v2\/pages\/5269\/revisions\/6942"}],"wp:featuredmedia":[{"embeddable":true,"href":"https:\/\/boodgrand.com\/et\/wp-json\/wp\/v2\/media\/4918"}],"wp:attachment":[{"href":"https:\/\/boodgrand.com\/et\/wp-json\/wp\/v2\/media?parent=5269"}],"curies":[{"name":"wp","href":"https:\/\/api.w.org\/{rel}","templated":true}]}}